{"id":92,"date":"2026-01-29T08:06:48","date_gmt":"2026-01-29T08:06:48","guid":{"rendered":"https:\/\/gitesdumidi.fr\/?page_id=92"},"modified":"2026-01-29T11:57:47","modified_gmt":"2026-01-29T11:57:47","slug":"caderousse","status":"publish","type":"page","link":"https:\/\/gitesdumidi.fr\/index.php\/villes\/caderousse\/","title":{"rendered":"CADEROUSSE"},"content":{"rendered":"\n<p><\/p>\n\n\n\n<h2 class=\"wp-block-heading\">CADEROUSSE<\/h2>\n\n\n\n<p>Bienvenue sur le groupe d&rsquo;h\u00e9bergeurs du village ! R\u00e9servez votre logement en direct propri\u00e9taire !<\/p>\n\n\n\n<p>VILLAGE \/ FESTIVITES \/ OU MANGER \/ AGENDA<\/p>\n\n\n\n<p>groupe facebook<\/p>\n\n\n\n<figure class=\"wp-block-gallery has-nested-images columns-default is-cropped wp-block-gallery-1 is-layout-flex wp-block-gallery-is-layout-flex\">\n<figure class=\"wp-block-image size-large\"><img loading=\"lazy\" decoding=\"async\" width=\"800\" height=\"530\" data-id=\"11\" src=\"https:\/\/gitesdumidi.fr\/wp-content\/uploads\/2025\/12\/caderousse1.jpg\" alt=\"\" class=\"wp-image-11\" srcset=\"https:\/\/gitesdumidi.fr\/wp-content\/uploads\/2025\/12\/caderousse1.jpg 800w, https:\/\/gitesdumidi.fr\/wp-content\/uploads\/2025\/12\/caderousse1-300x199.jpg 300w, https:\/\/gitesdumidi.fr\/wp-content\/uploads\/2025\/12\/caderousse1-768x509.jpg 768w\" sizes=\"auto, (max-width: 800px) 100vw, 800px\" \/><\/figure>\n<\/figure>\n\n\n\n<p>Pr\u00e9sentation village&#8230;&#8230;&#8230;&#8230;&#8230;.<\/p>\n\n\n\n<p><a href=\"https:\/\/gitesdumidi.fr\/index.php\/chambres-dhotes\/\" data-type=\"page\" data-id=\"129\">Chambres d&rsquo;h\u00f4tes<\/a> Meubl\u00e9 de Tourisme Location Vacances<\/p>\n\n\n\n<p><strong>Notre Gamme de logements de la nuit\u00e9e \u00e0 la location vacances<\/strong><\/p>\n\n\n\n<p>&gt; Court s\u00e9jours \/ \u00e0 la nuit\u00e9e : chambres d&rsquo;h\u00f4tes, meubl\u00e9 de tourisme<\/p>\n\n\n\n<p>&gt; Appartements<\/p>\n\n\n\n<p>&gt; Maison Vacances<\/p>\n\n\n\n<p><\/p>\n\n\n\n<p>CATEGORIE<\/p>\n\n\n\n<ul class=\"wp-block-list\">\n<li>petit d\u00e9jeuner inclus<\/li>\n\n\n\n<li>piscine<\/li>\n\n\n\n<li>accueil v\u00e9lo<\/li>\n\n\n\n<li>\u00e0 la nuit\u00e9e<\/li>\n\n\n\n<li><\/li>\n<\/ul>\n","protected":false},"excerpt":{"rendered":"<p>CADEROUSSE Bienvenue sur le groupe d&rsquo;h\u00e9bergeurs du village ! R\u00e9servez votre logement en direct propri\u00e9taire ! VILLAGE \/ FESTIVITES \/ OU MANGER \/ AGENDA groupe facebook Pr\u00e9sentation village&#8230;&#8230;&#8230;&#8230;&#8230;. Chambres d&rsquo;h\u00f4tes Meubl\u00e9 de Tourisme Location Vacances Notre Gamme de logements de la nuit\u00e9e \u00e0 la location vacances &gt; Court s\u00e9jours \/ \u00e0 la nuit\u00e9e : chambres [&hellip;]<\/p>\n","protected":false},"author":1,"featured_media":11,"parent":124,"menu_order":0,"comment_status":"closed","ping_status":"closed","template":"blank","meta":{"footnotes":""},"class_list":["post-92","page","type-page","status-publish","has-post-thumbnail","hentry"],"_links":{"self":[{"href":"https:\/\/gitesdumidi.fr\/index.php\/wp-json\/wp\/v2\/pages\/92","targetHints":{"allow":["GET"]}}],"collection":[{"href":"https:\/\/gitesdumidi.fr\/index.php\/wp-json\/wp\/v2\/pages"}],"about":[{"href":"https:\/\/gitesdumidi.fr\/index.php\/wp-json\/wp\/v2\/types\/page"}],"author":[{"embeddable":true,"href":"https:\/\/gitesdumidi.fr\/index.php\/wp-json\/wp\/v2\/users\/1"}],"replies":[{"embeddable":true,"href":"https:\/\/gitesdumidi.fr\/index.php\/wp-json\/wp\/v2\/comments?post=92"}],"version-history":[{"count":12,"href":"https:\/\/gitesdumidi.fr\/index.php\/wp-json\/wp\/v2\/pages\/92\/revisions"}],"predecessor-version":[{"id":153,"href":"https:\/\/gitesdumidi.fr\/index.php\/wp-json\/wp\/v2\/pages\/92\/revisions\/153"}],"up":[{"embeddable":true,"href":"https:\/\/gitesdumidi.fr\/index.php\/wp-json\/wp\/v2\/pages\/124"}],"wp:featuredmedia":[{"embeddable":true,"href":"https:\/\/gitesdumidi.fr\/index.php\/wp-json\/wp\/v2\/media\/11"}],"wp:attachment":[{"href":"https:\/\/gitesdumidi.fr\/index.php\/wp-json\/wp\/v2\/media?parent=92"}],"curies":[{"name":"wp","href":"https:\/\/api.w.org\/{rel}","templated":true}]}}