{"id":129,"date":"2026-01-29T09:24:04","date_gmt":"2026-01-29T09:24:04","guid":{"rendered":"https:\/\/gitesdumidi.fr\/?page_id=129"},"modified":"2026-01-29T11:23:32","modified_gmt":"2026-01-29T11:23:32","slug":"chambres-dhotes","status":"publish","type":"page","link":"https:\/\/gitesdumidi.fr\/index.php\/chambres-dhotes\/","title":{"rendered":"Chambres d&rsquo;h\u00f4tes"},"content":{"rendered":"\n<p><a href=\"https:\/\/gitesdumidi.fr\/index.php\/villes\/caderousse\/\" data-type=\"page\" data-id=\"92\">Accueil site<\/a><\/p>\n\n\n\n<p><strong>Nos chambres d&rsquo;h\u00f4tes<\/strong><\/p>\n\n\n\n<p>CADEROUSSE<\/p>\n\n\n\n<div class=\"wp-block-media-text is-stacked-on-mobile is-image-fill-element\" style=\"grid-template-columns:44% auto\"><figure class=\"wp-block-media-text__media\"><a href=\"https:\/\/gitesdumidi.fr\/index.php\/villes\/caderousse\/numero-7\/\"><img loading=\"lazy\" decoding=\"async\" width=\"889\" height=\"890\" src=\"https:\/\/gitesdumidi.fr\/wp-content\/uploads\/2026\/01\/notre-logo-2.jpg\" alt=\"\" class=\"wp-image-131 size-full\" style=\"object-position:50% 50%\" srcset=\"https:\/\/gitesdumidi.fr\/wp-content\/uploads\/2026\/01\/notre-logo-2.jpg 889w, https:\/\/gitesdumidi.fr\/wp-content\/uploads\/2026\/01\/notre-logo-2-300x300.jpg 300w, https:\/\/gitesdumidi.fr\/wp-content\/uploads\/2026\/01\/notre-logo-2-150x150.jpg 150w, https:\/\/gitesdumidi.fr\/wp-content\/uploads\/2026\/01\/notre-logo-2-768x769.jpg 768w\" sizes=\"auto, (max-width: 889px) 100vw, 889px\" \/><\/a><\/figure><div class=\"wp-block-media-text__content\">\n<p><strong><a href=\"https:\/\/gitesdumidi.fr\/index.php\/villes\/caderousse\/numero-7\/\" data-type=\"page\" data-id=\"111\">Chambres d&rsquo;h\u00f4tes Num\u00e9ro 7<\/a><\/strong><\/p>\n\n\n\n<p>Nich\u00e9 au c\u0153ur du village de Caderousse<\/p>\n\n\n\n<p>3 Chambres disponibles<\/p>\n\n\n\n<p>Accueil v\u00e9los Via-Rh\u00f4na<\/p>\n\n\n\n<p>Petit d\u00e9jeuner<\/p>\n\n\n\n<p>Espace d\u00e9tente <\/p>\n<\/div><\/div>\n\n\n\n<p><\/p>\n","protected":false},"excerpt":{"rendered":"<p>Accueil site Nos chambres d&rsquo;h\u00f4tes CADEROUSSE Chambres d&rsquo;h\u00f4tes Num\u00e9ro 7 Nich\u00e9 au c\u0153ur du village de Caderousse 3 Chambres disponibles Accueil v\u00e9los Via-Rh\u00f4na Petit d\u00e9jeuner Espace d\u00e9tente<\/p>\n","protected":false},"author":1,"featured_media":0,"parent":0,"menu_order":0,"comment_status":"closed","ping_status":"closed","template":"blank","meta":{"footnotes":""},"class_list":["post-129","page","type-page","status-publish","hentry"],"_links":{"self":[{"href":"https:\/\/gitesdumidi.fr\/index.php\/wp-json\/wp\/v2\/pages\/129","targetHints":{"allow":["GET"]}}],"collection":[{"href":"https:\/\/gitesdumidi.fr\/index.php\/wp-json\/wp\/v2\/pages"}],"about":[{"href":"https:\/\/gitesdumidi.fr\/index.php\/wp-json\/wp\/v2\/types\/page"}],"author":[{"embeddable":true,"href":"https:\/\/gitesdumidi.fr\/index.php\/wp-json\/wp\/v2\/users\/1"}],"replies":[{"embeddable":true,"href":"https:\/\/gitesdumidi.fr\/index.php\/wp-json\/wp\/v2\/comments?post=129"}],"version-history":[{"count":5,"href":"https:\/\/gitesdumidi.fr\/index.php\/wp-json\/wp\/v2\/pages\/129\/revisions"}],"predecessor-version":[{"id":143,"href":"https:\/\/gitesdumidi.fr\/index.php\/wp-json\/wp\/v2\/pages\/129\/revisions\/143"}],"wp:attachment":[{"href":"https:\/\/gitesdumidi.fr\/index.php\/wp-json\/wp\/v2\/media?parent=129"}],"curies":[{"name":"wp","href":"https:\/\/api.w.org\/{rel}","templated":true}]}}