{"id":111,"date":"2026-01-29T08:26:21","date_gmt":"2026-01-29T08:26:21","guid":{"rendered":"https:\/\/gitesdumidi.fr\/?page_id=111"},"modified":"2026-01-29T12:01:47","modified_gmt":"2026-01-29T12:01:47","slug":"numero-7","status":"publish","type":"page","link":"https:\/\/gitesdumidi.fr\/index.php\/villes\/caderousse\/numero-7\/","title":{"rendered":"Num\u00e9ro 7"},"content":{"rendered":"\n<p><a href=\"https:\/\/gitesdumidi.fr\/index.php\/villes\/caderousse\/\" data-type=\"page\" data-id=\"92\">ACCUEIL<\/a> <\/p>\n\n\n\n<h2 class=\"wp-block-heading\">Num\u00e9ro 7<\/h2>\n\n\n\n<p>CADEROUSSE &gt; Chambres d&rsquo;h\u00f4tes &gt; Num\u00e9ro 7<\/p>\n\n\n\n<p>7 rue Saint Louis 84860 Caderousse,<\/p>\n\n\n\n<h6 class=\"wp-block-heading\">RESERVEZ EN DIRECT 06 30 53 43 71 Frederic<\/h6>\n\n\n\n<p>Trois belles chambres d&rsquo;h\u00f4tes nich\u00e9es au c\u0153ur de Caderousse, l&rsquo;\u00eele verte. Venez vous reposer en toute s\u00e9curit\u00e9 vous et vos v\u00e9los !<\/p>\n\n\n\n<p>VISITE VIRTUELLE<\/p>\n\n\n\n<figure class=\"wp-block-image aligncenter size-full\"><img loading=\"lazy\" decoding=\"async\" width=\"536\" height=\"200\" src=\"https:\/\/gitesdumidi.fr\/wp-content\/uploads\/2026\/01\/Capture-decran-2026-01-29-094922.png\" alt=\"\" class=\"wp-image-122\" srcset=\"https:\/\/gitesdumidi.fr\/wp-content\/uploads\/2026\/01\/Capture-decran-2026-01-29-094922.png 536w, https:\/\/gitesdumidi.fr\/wp-content\/uploads\/2026\/01\/Capture-decran-2026-01-29-094922-300x112.png 300w\" sizes=\"auto, (max-width: 536px) 100vw, 536px\" \/><\/figure>\n\n\n\n<p><a href=\"https:\/\/www.chambres-hotes.fr\/d\/63334417\">Chambre 1<\/a> capacit\u00e9 2 personnes avec Salle d&rsquo;eau privative<\/p>\n\n\n\n<p><a href=\"https:\/\/www.chambres-hotes.fr\/d\/63334420?adults=2&amp;locale=fr-FR&amp;currency=EUR&amp;ctx=HSUXuuRYHM\">Chambre 2<\/a> capacit\u00e9 3 personnes avec Salle d&rsquo;eau \u00e0 partager Chambre 3<\/p>\n\n\n\n<p><a href=\"https:\/\/www.chambres-hotes.fr\/d\/63334421?adults=2&amp;locale=fr-FR&amp;currency=EUR&amp;ctx=HSUXuuRYHM\">Chambre 3<\/a> capacit\u00e9 3 personnes avec Salle d&rsquo;eau \u00e0 partager Chambre 2<\/p>\n\n\n\n<figure class=\"wp-block-gallery has-nested-images columns-default is-cropped wp-block-gallery-1 is-layout-flex wp-block-gallery-is-layout-flex\">\n<figure class=\"wp-block-image size-large\"><img loading=\"lazy\" decoding=\"async\" width=\"889\" height=\"890\" data-id=\"105\" src=\"https:\/\/gitesdumidi.fr\/wp-content\/uploads\/2026\/01\/notre-logo.jpg\" alt=\"\" class=\"wp-image-105\" srcset=\"https:\/\/gitesdumidi.fr\/wp-content\/uploads\/2026\/01\/notre-logo.jpg 889w, https:\/\/gitesdumidi.fr\/wp-content\/uploads\/2026\/01\/notre-logo-300x300.jpg 300w, https:\/\/gitesdumidi.fr\/wp-content\/uploads\/2026\/01\/notre-logo-150x150.jpg 150w, https:\/\/gitesdumidi.fr\/wp-content\/uploads\/2026\/01\/notre-logo-768x769.jpg 768w\" sizes=\"auto, (max-width: 889px) 100vw, 889px\" \/><\/figure>\n\n\n\n<figure class=\"wp-block-image size-large\"><img loading=\"lazy\" decoding=\"async\" width=\"1000\" height=\"666\" data-id=\"107\" src=\"https:\/\/gitesdumidi.fr\/wp-content\/uploads\/2026\/01\/coin-petit-dejeuner-au.jpg\" alt=\"\" class=\"wp-image-107\" srcset=\"https:\/\/gitesdumidi.fr\/wp-content\/uploads\/2026\/01\/coin-petit-dejeuner-au.jpg 1000w, https:\/\/gitesdumidi.fr\/wp-content\/uploads\/2026\/01\/coin-petit-dejeuner-au-300x200.jpg 300w, https:\/\/gitesdumidi.fr\/wp-content\/uploads\/2026\/01\/coin-petit-dejeuner-au-768x511.jpg 768w\" sizes=\"auto, (max-width: 1000px) 100vw, 1000px\" \/><\/figure>\n\n\n\n<figure class=\"wp-block-image size-large\"><img loading=\"lazy\" decoding=\"async\" width=\"1000\" height=\"666\" data-id=\"106\" src=\"https:\/\/gitesdumidi.fr\/wp-content\/uploads\/2026\/01\/zone-de-detente-apres.jpg\" alt=\"\" class=\"wp-image-106\" srcset=\"https:\/\/gitesdumidi.fr\/wp-content\/uploads\/2026\/01\/zone-de-detente-apres.jpg 1000w, https:\/\/gitesdumidi.fr\/wp-content\/uploads\/2026\/01\/zone-de-detente-apres-300x200.jpg 300w, https:\/\/gitesdumidi.fr\/wp-content\/uploads\/2026\/01\/zone-de-detente-apres-768x511.jpg 768w\" sizes=\"auto, (max-width: 1000px) 100vw, 1000px\" \/><\/figure>\n\n\n\n<figure class=\"wp-block-image size-large\"><img loading=\"lazy\" decoding=\"async\" width=\"1000\" height=\"666\" data-id=\"101\" src=\"https:\/\/gitesdumidi.fr\/wp-content\/uploads\/2026\/01\/chambre-n-1-avec-salle-1.jpg\" alt=\"\" class=\"wp-image-101\" srcset=\"https:\/\/gitesdumidi.fr\/wp-content\/uploads\/2026\/01\/chambre-n-1-avec-salle-1.jpg 1000w, https:\/\/gitesdumidi.fr\/wp-content\/uploads\/2026\/01\/chambre-n-1-avec-salle-1-300x200.jpg 300w, https:\/\/gitesdumidi.fr\/wp-content\/uploads\/2026\/01\/chambre-n-1-avec-salle-1-768x511.jpg 768w\" sizes=\"auto, (max-width: 1000px) 100vw, 1000px\" \/><\/figure>\n\n\n\n<figure class=\"wp-block-image size-large\"><img loading=\"lazy\" decoding=\"async\" width=\"1000\" height=\"666\" data-id=\"104\" src=\"https:\/\/gitesdumidi.fr\/wp-content\/uploads\/2026\/01\/chambre-n-1-avec-salle.jpg\" alt=\"\" class=\"wp-image-104\" srcset=\"https:\/\/gitesdumidi.fr\/wp-content\/uploads\/2026\/01\/chambre-n-1-avec-salle.jpg 1000w, https:\/\/gitesdumidi.fr\/wp-content\/uploads\/2026\/01\/chambre-n-1-avec-salle-300x200.jpg 300w, https:\/\/gitesdumidi.fr\/wp-content\/uploads\/2026\/01\/chambre-n-1-avec-salle-768x511.jpg 768w\" sizes=\"auto, (max-width: 1000px) 100vw, 1000px\" \/><\/figure>\n\n\n\n<figure class=\"wp-block-image size-large\"><img loading=\"lazy\" decoding=\"async\" width=\"1000\" height=\"666\" data-id=\"99\" src=\"https:\/\/gitesdumidi.fr\/wp-content\/uploads\/2026\/01\/salle-de-bain-a-partager.jpg\" alt=\"\" class=\"wp-image-99\" srcset=\"https:\/\/gitesdumidi.fr\/wp-content\/uploads\/2026\/01\/salle-de-bain-a-partager.jpg 1000w, https:\/\/gitesdumidi.fr\/wp-content\/uploads\/2026\/01\/salle-de-bain-a-partager-300x200.jpg 300w, https:\/\/gitesdumidi.fr\/wp-content\/uploads\/2026\/01\/salle-de-bain-a-partager-768x511.jpg 768w\" sizes=\"auto, (max-width: 1000px) 100vw, 1000px\" \/><\/figure>\n\n\n\n<figure class=\"wp-block-image size-large\"><img loading=\"lazy\" decoding=\"async\" width=\"1000\" height=\"666\" data-id=\"102\" src=\"https:\/\/gitesdumidi.fr\/wp-content\/uploads\/2026\/01\/chambre-n-3-avec-salle.jpg\" alt=\"\" class=\"wp-image-102\" srcset=\"https:\/\/gitesdumidi.fr\/wp-content\/uploads\/2026\/01\/chambre-n-3-avec-salle.jpg 1000w, https:\/\/gitesdumidi.fr\/wp-content\/uploads\/2026\/01\/chambre-n-3-avec-salle-300x200.jpg 300w, https:\/\/gitesdumidi.fr\/wp-content\/uploads\/2026\/01\/chambre-n-3-avec-salle-768x511.jpg 768w\" sizes=\"auto, (max-width: 1000px) 100vw, 1000px\" \/><\/figure>\n\n\n\n<figure class=\"wp-block-image size-large\"><img loading=\"lazy\" decoding=\"async\" width=\"1000\" height=\"666\" data-id=\"100\" src=\"https:\/\/gitesdumidi.fr\/wp-content\/uploads\/2026\/01\/salle-de-bain-privative.jpg\" alt=\"\" class=\"wp-image-100\" srcset=\"https:\/\/gitesdumidi.fr\/wp-content\/uploads\/2026\/01\/salle-de-bain-privative.jpg 1000w, https:\/\/gitesdumidi.fr\/wp-content\/uploads\/2026\/01\/salle-de-bain-privative-300x200.jpg 300w, https:\/\/gitesdumidi.fr\/wp-content\/uploads\/2026\/01\/salle-de-bain-privative-768x511.jpg 768w\" sizes=\"auto, (max-width: 1000px) 100vw, 1000px\" \/><\/figure>\n\n\n\n<figure class=\"wp-block-image size-large\"><img loading=\"lazy\" decoding=\"async\" width=\"1000\" height=\"666\" data-id=\"103\" src=\"https:\/\/gitesdumidi.fr\/wp-content\/uploads\/2026\/01\/chambre-n-2-avec-salle.jpg\" alt=\"\" class=\"wp-image-103\" srcset=\"https:\/\/gitesdumidi.fr\/wp-content\/uploads\/2026\/01\/chambre-n-2-avec-salle.jpg 1000w, https:\/\/gitesdumidi.fr\/wp-content\/uploads\/2026\/01\/chambre-n-2-avec-salle-300x200.jpg 300w, https:\/\/gitesdumidi.fr\/wp-content\/uploads\/2026\/01\/chambre-n-2-avec-salle-768x511.jpg 768w\" sizes=\"auto, (max-width: 1000px) 100vw, 1000px\" \/><\/figure>\n<\/figure>\n","protected":false},"excerpt":{"rendered":"<p>ACCUEIL Num\u00e9ro 7 CADEROUSSE &gt; Chambres d&rsquo;h\u00f4tes &gt; Num\u00e9ro 7 7 rue Saint Louis 84860 Caderousse, RESERVEZ EN DIRECT 06 30 53 43 71 Frederic Trois belles chambres d&rsquo;h\u00f4tes nich\u00e9es au c\u0153ur de Caderousse, l&rsquo;\u00eele verte. Venez vous reposer en toute s\u00e9curit\u00e9 vous et vos v\u00e9los ! VISITE VIRTUELLE Chambre 1 capacit\u00e9 2 personnes avec [&hellip;]<\/p>\n","protected":false},"author":1,"featured_media":0,"parent":92,"menu_order":0,"comment_status":"closed","ping_status":"closed","template":"blank","meta":{"footnotes":""},"class_list":["post-111","page","type-page","status-publish","hentry"],"_links":{"self":[{"href":"https:\/\/gitesdumidi.fr\/index.php\/wp-json\/wp\/v2\/pages\/111","targetHints":{"allow":["GET"]}}],"collection":[{"href":"https:\/\/gitesdumidi.fr\/index.php\/wp-json\/wp\/v2\/pages"}],"about":[{"href":"https:\/\/gitesdumidi.fr\/index.php\/wp-json\/wp\/v2\/types\/page"}],"author":[{"embeddable":true,"href":"https:\/\/gitesdumidi.fr\/index.php\/wp-json\/wp\/v2\/users\/1"}],"replies":[{"embeddable":true,"href":"https:\/\/gitesdumidi.fr\/index.php\/wp-json\/wp\/v2\/comments?post=111"}],"version-history":[{"count":13,"href":"https:\/\/gitesdumidi.fr\/index.php\/wp-json\/wp\/v2\/pages\/111\/revisions"}],"predecessor-version":[{"id":154,"href":"https:\/\/gitesdumidi.fr\/index.php\/wp-json\/wp\/v2\/pages\/111\/revisions\/154"}],"up":[{"embeddable":true,"href":"https:\/\/gitesdumidi.fr\/index.php\/wp-json\/wp\/v2\/pages\/92"}],"wp:attachment":[{"href":"https:\/\/gitesdumidi.fr\/index.php\/wp-json\/wp\/v2\/media?parent=111"}],"curies":[{"name":"wp","href":"https:\/\/api.w.org\/{rel}","templated":true}]}}